{"id":1582,"date":"2014-06-08T18:42:23","date_gmt":"2014-06-08T16:42:23","guid":{"rendered":"http:\/\/stadtrangliste-leipzig.de\/wp\/?page_id=1582"},"modified":"2024-02-18T19:59:12","modified_gmt":"2024-02-18T18:59:12","slug":"kontakt","status":"publish","type":"page","link":"https:\/\/stadtrangliste-leipzig.de\/wp\/kontakt\/","title":{"rendered":"Kontakt"},"content":{"rendered":"<h2 class=\"wp-block-heading\">Liebe Sportfreunde,<\/h2>\n<p>so sehr wir uns \u00fcber die positiven Reaktionen dieser neu gestalteten Webseite gefreut haben, so sehr ist es uns nun Ansporn, Euch mit Informationen, Ergebnissen und interessanten Beitr\u00e4gen rund um die Stadtrangliste durch das Laufjahr zu begleiten.<\/p>\n<figure class=\"wp-block-image alignright\"><a href=\"http:\/\/stadtrangliste-leipzig.de\/cms_test\/wp-content\/uploads\/redaktionsteam.jpg\"><img loading=\"lazy\" decoding=\"async\" width=\"300\" height=\"255\" src=\"http:\/\/stadtrangliste-leipzig.de\/cms_test\/wp-content\/uploads\/redaktionsteam-300x255.jpg\" alt=\"Das Redaktionsteam der Stadtrangliste Leipzig\" class=\"wp-image-1610\" srcset=\"https:\/\/stadtrangliste-leipzig.de\/wp\/wp-content\/uploads\/redaktionsteam-300x255.jpg 300w, https:\/\/stadtrangliste-leipzig.de\/wp\/wp-content\/uploads\/redaktionsteam.jpg 600w\" sizes=\"auto, (max-width: 300px) 100vw, 300px\" \/><\/a><figcaption class=\"wp-element-caption\">v.l.n.r. Dietmar Knies, Helmmar Herold, Rocco Oehme<\/figcaption><\/figure>\n<p>Gern nehmen wir Eure Anregungen, Beitr\u00e4ge, W\u00fcnsche aber auch kritische Anmerkungen auf, die Ihr uns unter Verwendung des nachstehenden Kontaktformulars oder auch auf direktem Wege an folgende E-Mail-Adresse: laufen(at)stadtrangliste-leipzig.de senden k\u00f6nnt. F\u00fcr alle, die das pers\u00f6nliche Gespr\u00e4ch mit uns suchen m\u00f6chten, sich aber nicht ganz sicher sind, wer hinter dieser Webseite steckt, haben wir uns vor die Kamera gewagt.<\/p>\n<p>Alles Gute und viel Erfolg!<\/p>\n<hr class=\"clear\" \/>\n<h2 class=\"wp-block-heading\">Kontaktaufnahme<\/h2>\n\n<div class=\"wpcf7 no-js\" id=\"wpcf7-f26-o1\" lang=\"en-US\" dir=\"ltr\" data-wpcf7-id=\"26\">\n<div class=\"screen-reader-response\"><p role=\"status\" aria-live=\"polite\" aria-atomic=\"true\"><\/p> <ul><\/ul><\/div>\n<form action=\"\/wp\/wp-json\/wp\/v2\/pages\/1582#wpcf7-f26-o1\" method=\"post\" class=\"wpcf7-form init\" id=\"kontakt\" aria-label=\"Contact form\" novalidate=\"novalidate\" data-status=\"init\">\n<fieldset class=\"hidden-fields-container\"><input type=\"hidden\" name=\"_wpcf7\" value=\"26\" \/><input type=\"hidden\" name=\"_wpcf7_version\" value=\"6.1.5\" \/><input type=\"hidden\" name=\"_wpcf7_locale\" value=\"en_US\" \/><input type=\"hidden\" name=\"_wpcf7_unit_tag\" value=\"wpcf7-f26-o1\" \/><input type=\"hidden\" name=\"_wpcf7_container_post\" value=\"0\" \/><input type=\"hidden\" name=\"_wpcf7_posted_data_hash\" value=\"\" \/>\n<\/fieldset>\n<p>Ihr Name (Pflichtfeld)\n<\/p>\n<p><span class=\"wpcf7-form-control-wrap\" data-name=\"your-name\"><input size=\"40\" maxlength=\"400\" class=\"wpcf7-form-control wpcf7-text wpcf7-validates-as-required\" aria-required=\"true\" aria-invalid=\"false\" value=\"\" type=\"text\" name=\"your-name\" \/><\/span>\n<\/p>\n<p>Ihre E-Mail-Adresse (Pflichtfeld)\n<\/p>\n<p><span class=\"wpcf7-form-control-wrap\" data-name=\"your-email\"><input size=\"40\" maxlength=\"400\" class=\"wpcf7-form-control wpcf7-email wpcf7-validates-as-required wpcf7-text wpcf7-validates-as-email\" aria-required=\"true\" aria-invalid=\"false\" value=\"\" type=\"email\" name=\"your-email\" \/><\/span>\n<\/p>\n<p>Betreff\n<\/p>\n<p><span class=\"wpcf7-form-control-wrap\" data-name=\"your-subject\"><input size=\"40\" maxlength=\"400\" class=\"wpcf7-form-control wpcf7-text wpcf7-validates-as-required\" aria-required=\"true\" aria-invalid=\"false\" value=\"\" type=\"text\" name=\"your-subject\" \/><\/span>\n<\/p>\n<p>Ihre Nachricht\n<\/p>\n<p><span class=\"wpcf7-form-control-wrap\" data-name=\"your-message\"><textarea cols=\"40\" rows=\"10\" maxlength=\"2000\" class=\"wpcf7-form-control wpcf7-textarea\" aria-invalid=\"false\" name=\"your-message\"><\/textarea><\/span>\n<\/p>\n<p><span class=\"wpcf7-form-control-wrap\" data-name=\"acceptance-612\"><span class=\"wpcf7-form-control wpcf7-acceptance\"><span class=\"wpcf7-list-item\"><input type=\"checkbox\" name=\"acceptance-612\" value=\"1\" aria-invalid=\"false\" \/><\/span><\/span><\/span> Hiermit stimme ich der <a href=\"https:\/\/stadtrangliste-leipzig.de\/wp\/impressum\">Datenschutzerkl\u00e4rung<\/a> gem\u00e4\u00df Datenschutz-Grundverordnung (DS-GVO) ausdr\u00fccklich zu.\n<\/p>\n<p><strong>Bemerkung: <\/strong>\n<\/p>\n<p>Ohne Ihre Zustimmung ist ein Versand Ihrer Nachricht \u00fcber dieses Formular nicht m\u00f6glich. Ferner m\u00f6chten wir Sie bitten, uns keine E-Mails zuzusenden, wenn Sie unserer Datenschutzerkl\u00e4rung gem\u00e4\u00df der Datenschutz-Grundverordnung (DS-GVO) nicht zustimmen.\n<\/p>\n<p class=\"captcha-kontakt\">Geben Sie bitte diesen Code ein: <input type=\"hidden\" name=\"_wpcf7_captcha_challenge_captcha-kontakt\" value=\"2164756068\" \/><img loading=\"lazy\" decoding=\"async\" class=\"wpcf7-form-control wpcf7-captchac wpcf7-captcha-captcha-kontakt\" width=\"72\" height=\"24\" alt=\"captcha\" src=\"https:\/\/stadtrangliste-leipzig.de\/wp\/wp-content\/uploads\/wpcf7_captcha\/2164756068.png\" \/><span class=\"wpcf7-form-control-wrap\" data-name=\"captcha-kontakt\"><input size=\"4\" maxlength=\"4\" class=\"wpcf7-form-control wpcf7-captchar\" autocomplete=\"off\" aria-invalid=\"false\" value=\"\" type=\"text\" name=\"captcha-kontakt\" \/><\/span>\n<\/p>\n<p><input class=\"wpcf7-form-control wpcf7-submit has-spinner\" type=\"submit\" value=\"Senden\" \/>\n<\/p><div class=\"wpcf7-response-output\" aria-hidden=\"true\"><\/div>\n<\/form>\n<\/div>\n\n","protected":false},"excerpt":{"rendered":"<p>Liebe Sportfreunde, so sehr wir uns \u00fcber die positiven Reaktionen dieser neu gestalteten Webseite gefreut haben, so sehr ist es uns nun Ansporn, Euch mit Informationen, Ergebnissen und interessanten Beitr\u00e4gen rund um die Stadtrangliste durch das Laufjahr zu begleiten. v.l.n.r. Dietmar Knies, Helmmar Herold, Rocco Oehme Gern nehmen wir Eure Anregungen, Beitr\u00e4ge, W\u00fcnsche aber auch kritische Anmerkungen auf, die Ihr [&hellip;]<\/p>\n","protected":false},"author":2,"featured_media":0,"parent":0,"menu_order":0,"comment_status":"closed","ping_status":"closed","template":"","meta":{"footnotes":""},"class_list":["post-1582","page","type-page","status-publish","hentry"],"_links":{"self":[{"href":"https:\/\/stadtrangliste-leipzig.de\/wp\/wp-json\/wp\/v2\/pages\/1582","targetHints":{"allow":["GET"]}}],"collection":[{"href":"https:\/\/stadtrangliste-leipzig.de\/wp\/wp-json\/wp\/v2\/pages"}],"about":[{"href":"https:\/\/stadtrangliste-leipzig.de\/wp\/wp-json\/wp\/v2\/types\/page"}],"author":[{"embeddable":true,"href":"https:\/\/stadtrangliste-leipzig.de\/wp\/wp-json\/wp\/v2\/users\/2"}],"replies":[{"embeddable":true,"href":"https:\/\/stadtrangliste-leipzig.de\/wp\/wp-json\/wp\/v2\/comments?post=1582"}],"version-history":[{"count":2,"href":"https:\/\/stadtrangliste-leipzig.de\/wp\/wp-json\/wp\/v2\/pages\/1582\/revisions"}],"predecessor-version":[{"id":8826,"href":"https:\/\/stadtrangliste-leipzig.de\/wp\/wp-json\/wp\/v2\/pages\/1582\/revisions\/8826"}],"wp:attachment":[{"href":"https:\/\/stadtrangliste-leipzig.de\/wp\/wp-json\/wp\/v2\/media?parent=1582"}],"curies":[{"name":"wp","href":"https:\/\/api.w.org\/{rel}","templated":true}]}}